{"id":51,"date":"2021-03-22T13:36:48","date_gmt":"2021-03-22T13:36:48","guid":{"rendered":"http:\/\/www.ukkc.crolib.hr\/?page_id=51"},"modified":"2021-03-31T09:34:21","modified_gmt":"2021-03-31T09:34:21","slug":"kontakti","status":"publish","type":"page","link":"https:\/\/www.ukkc.crolib.hr\/?page_id=51","title":{"rendered":"KONTAKTI"},"content":{"rendered":"\n<div class=\"wp-block-columns is-layout-flex wp-container-core-columns-is-layout-9d6595d7 wp-block-columns-is-layout-flex\">\n<div class=\"wp-block-column is-layout-flow wp-block-column-is-layout-flow\" style=\"flex-basis:100%\">\n<p class=\"has-black-color has-cyan-bluish-gray-background-color has-text-color has-background\" style=\"font-size:18px\"><strong>Udruga knji\u017enica \u201eKonzorcij CROLIST\u201c <\/strong>                                                                                     <\/p>\n\n\n\n<p class=\"has-black-color has-cyan-bluish-gray-background-color has-text-color has-background\" style=\"font-size:18px\"><strong>Adresa:<\/strong> c\/o Sveu\u010dili\u0161na knji\u017enica Rijeka                                                                                                   Dolac 1                                                                                                                                           51000 Rijeka<\/p>\n\n\n\n<p class=\"has-black-color has-cyan-bluish-gray-background-color has-text-color has-background\" style=\"font-size:18px\"><strong>Telefon:<\/strong> +385 (0)98 9126 137<\/p>\n\n\n\n<p class=\"has-black-color has-cyan-bluish-gray-background-color has-text-color has-background\" style=\"font-size:18px\"><strong> e-mail:<\/strong> <a rel=\"noreferrer noopener\" href=\"vijece.crolist@gskos.hr\" target=\"_blank\">vijece.crolist@gskos.hr <\/a><strong>                                                                                                      <\/strong><\/p>\n\n\n\n<p class=\"has-black-color has-cyan-bluish-gray-background-color has-text-color has-background\" style=\"font-size:18px\"><strong>\u017diro-ra\u010dun:<\/strong> HR62 2340 0091 1102 4811 5                                                                               Privredna banka Zagreb    <\/p>\n\n\n\n<p class=\"has-black-color has-cyan-bluish-gray-background-color has-text-color has-background\" style=\"font-size:18px\"><strong>OIB: <\/strong>36569883265 <\/p>\n\n\n\n<p><\/p>\n\n\n\n<figure class=\"wp-block-pullquote alignleft\"><blockquote><p><strong>Stru\u010dne slu\u017ebe Udruge<\/strong><\/p><\/blockquote><\/figure>\n\n\n\n<div class=\"wp-block-columns is-layout-flex wp-container-core-columns-is-layout-9d6595d7 wp-block-columns-is-layout-flex\">\n<div class=\"wp-block-column is-layout-flow wp-block-column-is-layout-flow\" style=\"flex-basis:100%\">\n<div class=\"wp-block-group\"><div class=\"wp-block-group__inner-container is-layout-flow wp-block-group-is-layout-flow\">\n<p class=\"has-black-color has-cyan-bluish-gray-background-color has-text-color has-background\" style=\"font-size:18px\"><a href=\"mailto:branspor@inet.hr&gt;;\" target=\"_blank\" rel=\"noreferrer noopener\">Redaktor skupnog kataloga<\/a><\/p>\n\n\n\n<p class=\"has-black-color has-cyan-bluish-gray-background-color has-text-color has-background\" style=\"font-size:18px\"><a href=\"mailto:kata@gskos.hr\" target=\"_blank\" rel=\"noreferrer noopener\">Sistem in\u017eenjer<\/a><\/p>\n\n\n\n<p class=\"has-black-color has-cyan-bluish-gray-background-color has-text-color has-background\" style=\"font-size:18px\"><a href=\"mailto:mmatosic@svkst.hr\" target=\"_blank\" rel=\"noreferrer noopener\">Tajnik<\/a><\/p>\n\n\n\n<p class=\"has-black-color has-cyan-bluish-gray-background-color has-text-color has-background\" style=\"font-size:18px\"><a href=\"mailto:vtelenta@yahoo.com\" target=\"_blank\" rel=\"noreferrer noopener\">Voditelj ra\u010dunovodstva<\/a><\/p>\n<\/div><\/div>\n<\/div>\n<\/div>\n\n\n\n<p><\/p>\n\n\n\n<!--more-->\n<\/div>\n<\/div>\n","protected":false},"excerpt":{"rendered":"<p>Udruga knji\u017enica \u201eKonzorcij CROLIST\u201c Adresa: c\/o Sveu\u010dili\u0161na knji\u017enica Rijeka Dolac 1 51000 Rijeka Telefon: +385 (0)98 9126 137 e-mail: vijece.crolist@gskos.hr \u017diro-ra\u010dun: HR62 2340 0091 1102 4811 5 Privredna banka Zagreb &#8230;<\/p>\n","protected":false},"author":1,"featured_media":0,"parent":0,"menu_order":0,"comment_status":"closed","ping_status":"closed","template":"","meta":{"footnotes":""},"class_list":["post-51","page","type-page","status-publish","hentry"],"_links":{"self":[{"href":"https:\/\/www.ukkc.crolib.hr\/index.php?rest_route=\/wp\/v2\/pages\/51","targetHints":{"allow":["GET"]}}],"collection":[{"href":"https:\/\/www.ukkc.crolib.hr\/index.php?rest_route=\/wp\/v2\/pages"}],"about":[{"href":"https:\/\/www.ukkc.crolib.hr\/index.php?rest_route=\/wp\/v2\/types\/page"}],"author":[{"embeddable":true,"href":"https:\/\/www.ukkc.crolib.hr\/index.php?rest_route=\/wp\/v2\/users\/1"}],"replies":[{"embeddable":true,"href":"https:\/\/www.ukkc.crolib.hr\/index.php?rest_route=%2Fwp%2Fv2%2Fcomments&post=51"}],"version-history":[{"count":22,"href":"https:\/\/www.ukkc.crolib.hr\/index.php?rest_route=\/wp\/v2\/pages\/51\/revisions"}],"predecessor-version":[{"id":239,"href":"https:\/\/www.ukkc.crolib.hr\/index.php?rest_route=\/wp\/v2\/pages\/51\/revisions\/239"}],"wp:attachment":[{"href":"https:\/\/www.ukkc.crolib.hr\/index.php?rest_route=%2Fwp%2Fv2%2Fmedia&parent=51"}],"curies":[{"name":"wp","href":"https:\/\/api.w.org\/{rel}","templated":true}]}}