{"id":26,"date":"2021-03-22T13:30:30","date_gmt":"2021-03-22T13:30:30","guid":{"rendered":"http:\/\/www.ukkc.crolib.hr\/?page_id=26"},"modified":"2021-05-12T06:23:01","modified_gmt":"2021-05-12T06:23:01","slug":"suradnja-na-razvoju-zajednickog-knjiznicnog-programa","status":"publish","type":"page","link":"https:\/\/www.ukkc.crolib.hr\/?page_id=26","title":{"rendered":"SURADNJA NA RAZVOJU ZAJEDNI\u010cKOG KNJI\u017dNI\u010cNOG PROGRAMA"},"content":{"rendered":"\r\n<p style=\"font-size: 18px; text-align: justify;\">Ugovorima o odr\u017eavanju programskog proizvoda Crolist izme\u0111u pojedinih korisnika programa i tvrtke Unibis d.o.o. kao davatelja usluga, ure\u0111eno je me\u0111usobno komuniciranje o zahtjevima za novim mogu\u0107nostima programske podr\u0161ke. Svaka ugovorna strana imenuje stru\u010dnog voditelja projekta Crolist. Stru\u010dni voditelji kod korisnika analiziraju probleme u radu programske podr\u0161ke u svojim i drugim knji\u017enicama i dostavljaju voditelju projekta davatelja usluge zahtjeve za izmjenama i dogradnjama u programskoj podr\u0161ci primjenjive u svim knji\u017enicama. Na temelju dostavljenih zahtjeva, stru\u010dni voditelj Unibisa sastavlja plan daljnjeg razvoja programske podr\u0161ke za sljede\u0107i jednogodi\u0161nji period.<\/p>\r\n\r\n\r\n\r\n<p style=\"font-size: 18px; text-align: justify;\">Ugovorima o odr\u017eavanju je predvi\u0111eno i odr\u017eavanje okruglih stolova predstavnika davatelja usluga i korisnika. Svrha tih okruglih stolova je me\u0111usobna razmjena iskustava izme\u0111u korisnika, neposredno upoznavanje davatelja usluga s problemima koje imaju korisnici, edukacija korisnika, kao i prezentacija novorazvijenih mogu\u0107nosti Crolista krajnjim korisnicima, te njihovo upoznavanje s planovima i smjernicama daljnjeg razvoja programske podr\u0161ke. Za osiguravanje prostora i infrastrukture za odr\u017eavanje okruglih stolova zadu\u017eeni su korisnici usluga.<\/p>\r\n\r\n\r\n\r\n<p style=\"font-size: 18px; text-align: justify;\">Kako bi olak\u0161ala komunikaciju o razvoju knji\u017eni\u010dnog softvera izme\u0111u korisnika Crolista i tvrtke Unibis, Udruga periodi\u010dno prikuplja, objedinjava i kona\u010dno definira prijedloge novih mogu\u0107nosti softvera od \u010dlanica, a zatim organizira okrugli stol na kojem se o tome raspravlja.<\/p>\r\n\r\n\r\n\r\n<p style=\"font-size: 18px; text-align: justify;\">Rad na predlaganju razvoja zajedni\u010dkog knji\u017eni\u010dnog softvera organiziran je tako da voditelji projekta Crolist kod \u010dlanica, okupljeni u Koordinaciju za odr\u017eavanje i razvoj zajedni\u010dkog softvera, dostavljaju svoje primjedbe i prijedloge Stru\u010dnom vije\u0107u. Stru\u010dno vije\u0107e ih zatim proslje\u0111uje Vije\u0107u, koje ih potvr\u0111uje i dostavlja Unibisu d.o.o.,nakon \u010dega se organizira okrugli stol, u pravilu u sklopu odr\u017eavanja Skup\u0161tine Udruge.<\/p>\r\n\r\n\r\n\r\n<p style=\"font-size: 18px; text-align: justify;\">Obrazac za prikupljanje prijedloga ispravaka i nadogradnji programa Crolist.<\/p>\r\n","protected":false},"excerpt":{"rendered":"<p>Ugovorima o odr\u017eavanju programskog proizvoda Crolist izme\u0111u pojedinih korisnika programa i tvrtke Unibis d.o.o. kao davatelja usluga, ure\u0111eno je me\u0111usobno komuniciranje o zahtjevima za novim mogu\u0107nostima programske podr\u0161ke. Svaka ugovorna &#8230;<\/p>\n","protected":false},"author":1,"featured_media":0,"parent":0,"menu_order":0,"comment_status":"closed","ping_status":"closed","template":"","meta":{"footnotes":""},"class_list":["post-26","page","type-page","status-publish","hentry"],"_links":{"self":[{"href":"https:\/\/www.ukkc.crolib.hr\/index.php?rest_route=\/wp\/v2\/pages\/26","targetHints":{"allow":["GET"]}}],"collection":[{"href":"https:\/\/www.ukkc.crolib.hr\/index.php?rest_route=\/wp\/v2\/pages"}],"about":[{"href":"https:\/\/www.ukkc.crolib.hr\/index.php?rest_route=\/wp\/v2\/types\/page"}],"author":[{"embeddable":true,"href":"https:\/\/www.ukkc.crolib.hr\/index.php?rest_route=\/wp\/v2\/users\/1"}],"replies":[{"embeddable":true,"href":"https:\/\/www.ukkc.crolib.hr\/index.php?rest_route=%2Fwp%2Fv2%2Fcomments&post=26"}],"version-history":[{"count":5,"href":"https:\/\/www.ukkc.crolib.hr\/index.php?rest_route=\/wp\/v2\/pages\/26\/revisions"}],"predecessor-version":[{"id":483,"href":"https:\/\/www.ukkc.crolib.hr\/index.php?rest_route=\/wp\/v2\/pages\/26\/revisions\/483"}],"wp:attachment":[{"href":"https:\/\/www.ukkc.crolib.hr\/index.php?rest_route=%2Fwp%2Fv2%2Fmedia&parent=26"}],"curies":[{"name":"wp","href":"https:\/\/api.w.org\/{rel}","templated":true}]}}