{"id":25,"date":"2021-03-22T13:30:30","date_gmt":"2021-03-22T13:30:30","guid":{"rendered":"http:\/\/www.ukkc.crolib.hr\/?page_id=25"},"modified":"2025-04-11T07:21:14","modified_gmt":"2025-04-11T07:21:14","slug":"smjestaj-baza-clanica-na-posluziteljima-udruge","status":"publish","type":"page","link":"https:\/\/www.ukkc.crolib.hr\/?page_id=25","title":{"rendered":"SMJE\u0160TAJ BAZA \u010cLANICA NA POSLU\u017dITELJIMA UDRUGE"},"content":{"rendered":"\r\n<p style=\"font-size: 18px; text-align: justify;\">Udruga knji\u017enica \u201eKonzorcij CROLIST\u201c od 2019. godine raspola\u017ee poslu\u017eiteljima na kojima je mogu\u0107e stvaranje virtualnih zona koje simuliraju fizi\u010dke poslu\u017eitelje pojedinih knji\u017enica.<\/p>\r\n<p style=\"font-size: 18px; text-align: justify;\">Knji\u017enica \u010dlanica tako mo\u017ee dobiti vlastitu virtualnu zonu na poslu\u017eitelju, u koju \u0107e smjestiti svoje baze podataka u integriranom knji\u017eni\u010dnom programu Crolist pod nekomercijalnim uvjetima, umjesto da ima vlastiti fizi\u010dki poslu\u017eitelj ili pla\u0107a uslugu smje\u0161taja baze na komercijalnim platformama.<\/p>\r\n\r\n\r\n\r\n<p style=\"font-size: 18px; text-align: justify;\">Vije\u0107e Udruge je na sjednici odr\u017eanoj 22. \u2013 24. lipnja 2020. godine utvrdilo <a href=\"http:\/\/www.ukkc.crolib.hr\/wp-content\/uploads\/2021\/04\/6-Postupak-smjestaja-baze-na-posluzitelj-Udruge.pdf\">Postupak smje\u0161taja baze\/baza korisnika na poslu\u017eitelj Udruge<\/a>.<\/p>\r\n<p style=\"font-size: 18px; text-align: justify;\">Godi\u0161nja naknada za kori\u0161tenje virtualne zone na poslu\u017eitelju Udruge iznosi 360,00\u20ac.<\/p>\r\n<p style=\"font-size: 18px; text-align: justify;\">Sredstva prikupljena naknadom se, prema odluci Skup\u0161tine Udruge, odr\u017eane 17. velja\u010de 2020. godine usmjeravaju u pokrivanje pove\u0107anih tro\u0161kova Udruge, koji nastaju provo\u0111enjem ove djelatnosti (tro\u0161kovi izrade dokumentacije vezane za smje\u0161taj baza, tro\u0161kovi nadzora sistem in\u017eenjera nad sustavom virtualnih zona, tro\u0161kovi izrade ra\u010dunovodstvene dokumentacije i tro\u0161kovi odr\u017eavanja poslu\u017eitelja), a ostatak se usmjerava u razvoj djelatnosti Udruge.<\/p>\r\n\r\n\r\n\r\n<ul class=\"wp-block-list\" style=\"font-size: 18px;\">\r\n<li style=\"text-align: justify;\"><a href=\"http:\/\/www.ukkc.crolib.hr\/wp-content\/uploads\/2025\/04\/Smjestaj-baze-pismo-namjere-obrazac-1910311.docx\">Smje\u0161taj baze pismo namjere obrazac 191031<\/a><\/li>\r\n<li style=\"text-align: justify;\"><a href=\"http:\/\/www.ukkc.crolib.hr\/wp-content\/uploads\/2025\/04\/Smjestaj-baze-ugovor-2103-obrazac1.docx\">Smje\u0161taj baze ugovor 2103 obrazac<\/a><\/li>\r\n<\/ul>\r\n","protected":false},"excerpt":{"rendered":"<p>Udruga knji\u017enica \u201eKonzorcij CROLIST\u201c od 2019. godine raspola\u017ee poslu\u017eiteljima na kojima je mogu\u0107e stvaranje virtualnih zona koje simuliraju fizi\u010dke poslu\u017eitelje pojedinih knji\u017enica. Knji\u017enica \u010dlanica tako mo\u017ee dobiti vlastitu virtualnu zonu &#8230;<\/p>\n","protected":false},"author":1,"featured_media":0,"parent":0,"menu_order":0,"comment_status":"closed","ping_status":"closed","template":"","meta":{"footnotes":""},"class_list":["post-25","page","type-page","status-publish","hentry"],"_links":{"self":[{"href":"https:\/\/www.ukkc.crolib.hr\/index.php?rest_route=\/wp\/v2\/pages\/25","targetHints":{"allow":["GET"]}}],"collection":[{"href":"https:\/\/www.ukkc.crolib.hr\/index.php?rest_route=\/wp\/v2\/pages"}],"about":[{"href":"https:\/\/www.ukkc.crolib.hr\/index.php?rest_route=\/wp\/v2\/types\/page"}],"author":[{"embeddable":true,"href":"https:\/\/www.ukkc.crolib.hr\/index.php?rest_route=\/wp\/v2\/users\/1"}],"replies":[{"embeddable":true,"href":"https:\/\/www.ukkc.crolib.hr\/index.php?rest_route=%2Fwp%2Fv2%2Fcomments&post=25"}],"version-history":[{"count":12,"href":"https:\/\/www.ukkc.crolib.hr\/index.php?rest_route=\/wp\/v2\/pages\/25\/revisions"}],"predecessor-version":[{"id":734,"href":"https:\/\/www.ukkc.crolib.hr\/index.php?rest_route=\/wp\/v2\/pages\/25\/revisions\/734"}],"wp:attachment":[{"href":"https:\/\/www.ukkc.crolib.hr\/index.php?rest_route=%2Fwp%2Fv2%2Fmedia&parent=25"}],"curies":[{"name":"wp","href":"https:\/\/api.w.org\/{rel}","templated":true}]}}