{"id":24,"date":"2021-03-22T13:30:30","date_gmt":"2021-03-22T13:30:30","guid":{"rendered":"http:\/\/www.ukkc.crolib.hr\/?page_id=24"},"modified":"2021-05-12T06:20:12","modified_gmt":"2021-05-12T06:20:12","slug":"izgradnja-skupnog-kataloga-udruge-ovlasnice","status":"publish","type":"page","link":"https:\/\/www.ukkc.crolib.hr\/?page_id=24","title":{"rendered":"IZGRADNJA SKUPNOG KATALOGA UDRUGE\/OVLASNICE"},"content":{"rendered":"\r\n<p style=\"font-size: 18px; text-align: justify;\"><a href=\"http:\/\/opak.crolib.hr\/\">Skupni katalog Udruge knji\u017enica \u201eKonzorcij CROLIST\u201c<\/a> <strong>kooperativno <\/strong>izgra\u0111uju \u010dlanice Udruge. One svoju gra\u0111u najprije katalogiziraju u skupnom katalogu, a izra\u0111eni zapis zatim preuzimaju u svoj lokalni katalog. Svaki novoizra\u0111eni zapis pojavljuje se u skupnom katalogu Udruge u trenutku njegove izrade od strane pojedine knji\u017enice. Jednom izra\u0111eni zapis u skupnom katalogu, druge knji\u017enice mogu jednim klikom preuzeti u svoj lokalni katalog, bez potrebe da ga izvorno katalogiziraju.<\/p>\r\n\r\n\r\n\r\n<p style=\"font-size: 18px; text-align: justify;\">Postojanjem a\u017eurnog Skupnog kataloga Udruge na jednom mjestu na internetu, pove\u0107ava se vidljivost fondova hrvatskih knji\u017enica koje sudjeluju u njegovoj izgradnji. Korisnicima daje kvalitetna informacija o tome gdje u Hrvatskoj mogu na\u0107i tra\u017eeni naslov. Kooperativnom katalogizacijom se vi\u0161estruko pove\u0107ava i produktivnost rada katalogizatora, budu\u0107i da se procjenjuje da jedan katalogizator koji preuzima zapise, zamjenjuje \u010detiri katalogizatora koji bi te zapise izvorno izra\u0111ivali.<\/p>\r\n\r\n\r\n\r\n<p style=\"font-size: 18px; text-align: justify;\">Izgradnja Skupnog kataloga u softveru Crolist pod okriljem Udruge traje od 2006. godine, nakon \u0161to je krajem 2005. godine Nacionalna i sveu\u010dili\u0161na knji\u017enica prestala obavljati tu ulogu i tada\u0161nji skupni katalog u Crolistu prepustila Udruzi.<\/p>\r\n\r\n\r\n\r\n<p style=\"font-size: 18px; text-align: justify;\">Udruga osigurava kvalitetu zapisa u Skupnom katalogu izdavanjem ovlasnica katalogizatorima koji u njemu rade. Posjedovanje ovlasnice je uvjet za rad u Skupnom katalogu, a njihovo izdavanje regulirano je Pravilnikom o dobivanju ovlasnica. Tako\u0111er, od po\u010detka izgradnje Skupnog kataloga Udruge 2006. godine, Udruga kontinuirano anga\u017eira redaktora Skupnog kataloga, koji provjerava ispravnost svakog novoizra\u0111enog zapisa u tom katalogu.<\/p>\r\n\r\n\r\n\r\n<p style=\"font-size: 18px;\"><a href=\"http:\/\/opak.crolib.hr\/cgi-bin\/zelko?stt_countbib\" target=\"_blank\" rel=\"noreferrer noopener\">Broj bibliografskih zapisa u Skupnom katalogu <\/a><\/p>\r\n\r\n\r\n\r\n<p style=\"font-size: 18px;\"><a href=\"http:\/\/opak.crolib.hr\/cgi-bin\/zelko?stt_countaut\" target=\"_blank\" rel=\"noreferrer noopener\">Broj normativnih zapisa u Skupnom katalogu<\/a><\/p>\r\n\r\n\r\n\r\n<p style=\"font-size: 18px;\"><a href=\"http:\/\/opak.crolib.hr\/cgi-bin\/zelko?stt_getccyea\" target=\"_blank\" rel=\"noreferrer noopener\">Godi\u0161nja statistika novoizra\u0111enih zapisa u Skupnom katalogu <\/a><\/p>\r\n\r\n\r\n\r\n<p style=\"font-size: 18px;\"><a href=\"http:\/\/opak.crolib.hr\/cgi-bin\/zelko?stt_getdyea\" target=\"_blank\" rel=\"noreferrer noopener\">Godi\u0161nja statistika preuzetih zapisa iz Skupnog kataloga<\/a><\/p>\r\n","protected":false},"excerpt":{"rendered":"<p>Skupni katalog Udruge knji\u017enica \u201eKonzorcij CROLIST\u201c kooperativno izgra\u0111uju \u010dlanice Udruge. One svoju gra\u0111u najprije katalogiziraju u skupnom katalogu, a izra\u0111eni zapis zatim preuzimaju u svoj lokalni katalog. Svaki novoizra\u0111eni zapis &#8230;<\/p>\n","protected":false},"author":1,"featured_media":0,"parent":0,"menu_order":0,"comment_status":"closed","ping_status":"closed","template":"","meta":{"footnotes":""},"class_list":["post-24","page","type-page","status-publish","hentry"],"_links":{"self":[{"href":"https:\/\/www.ukkc.crolib.hr\/index.php?rest_route=\/wp\/v2\/pages\/24","targetHints":{"allow":["GET"]}}],"collection":[{"href":"https:\/\/www.ukkc.crolib.hr\/index.php?rest_route=\/wp\/v2\/pages"}],"about":[{"href":"https:\/\/www.ukkc.crolib.hr\/index.php?rest_route=\/wp\/v2\/types\/page"}],"author":[{"embeddable":true,"href":"https:\/\/www.ukkc.crolib.hr\/index.php?rest_route=\/wp\/v2\/users\/1"}],"replies":[{"embeddable":true,"href":"https:\/\/www.ukkc.crolib.hr\/index.php?rest_route=%2Fwp%2Fv2%2Fcomments&post=24"}],"version-history":[{"count":7,"href":"https:\/\/www.ukkc.crolib.hr\/index.php?rest_route=\/wp\/v2\/pages\/24\/revisions"}],"predecessor-version":[{"id":480,"href":"https:\/\/www.ukkc.crolib.hr\/index.php?rest_route=\/wp\/v2\/pages\/24\/revisions\/480"}],"wp:attachment":[{"href":"https:\/\/www.ukkc.crolib.hr\/index.php?rest_route=%2Fwp%2Fv2%2Fmedia&parent=24"}],"curies":[{"name":"wp","href":"https:\/\/api.w.org\/{rel}","templated":true}]}}