{"id":22,"date":"2021-03-22T13:30:30","date_gmt":"2021-03-22T13:30:30","guid":{"rendered":"http:\/\/www.ukkc.crolib.hr\/?page_id=22"},"modified":"2026-02-06T08:13:47","modified_gmt":"2026-02-06T08:13:47","slug":"dokumenti","status":"publish","type":"page","link":"https:\/\/www.ukkc.crolib.hr\/?page_id=22","title":{"rendered":"DOKUMENTI"},"content":{"rendered":"\r\n<h2 class=\"wp-block-heading\">Op\u0107i akti<\/h2>\r\n\r\n\r\n\r\n<ul class=\"wp-block-list\" style=\"font-size: 18px;\">\r\n<li><a href=\"http:\/\/www.ukkc.crolib.hr\/wp-content\/uploads\/2021\/03\/1-Statut-2015-150904.pdf\">Statut Udruge knji\u017enica \u201eKonzorcij CROLIST\u201c 2015.<\/a><\/li>\r\n<li><a href=\"http:\/\/www.ukkc.crolib.hr\/wp-content\/uploads\/2021\/03\/2-Statut-2015-izmjene-170327.pdf\"> Statut Udruge knji\u017enica \u201eKonzorcij CROLIST\u201c 2015. izmjene i dopune 2017.<\/a><\/li>\r\n<li><a href=\"http:\/\/www.ukkc.crolib.hr\/wp-content\/uploads\/2021\/03\/3-Poslovnik-Skupstine-Vijeca-i-Nadzornog-odbora.pdf\">Poslovinik Skup\u0161tine, Vije\u0107a i Nadzornog odbora<\/a><\/li>\r\n<li><a href=\"http:\/\/www.ukkc.crolib.hr\/wp-content\/uploads\/2021\/03\/4-Pravilnik-o-radu-Strucnog-vijeca.pdf\">Pravilnik o radu Stru\u010dnog vije\u0107a<\/a><\/li>\r\n<li><a href=\"http:\/\/www.ukkc.crolib.hr\/wp-content\/uploads\/2021\/03\/5-Pravilnik-o-dobivanju-ovlasnica.pdf\">Pravilnik o dobivanju ovlasnica za uzajamnu katalogizaciju<\/a><\/li>\r\n<li><a href=\"http:\/\/www.ukkc.crolib.hr\/wp-content\/uploads\/2021\/03\/6-Postupak-smjestaja-baze-na-posluzitelj-Udruge.pdf\"> Postupak smje\u0161taja baze\/baza korisnika na poslu\u017eitelj Udruge<\/a><\/li>\r\n<li><a href=\"http:\/\/www.ukkc.crolib.hr\/wp-content\/uploads\/2024\/07\/Procedura-stvaranja-ugovornih-obveza.pdf\">Procedura stvaranja ugovornih obveza<\/a><\/li>\r\n<li><a href=\"http:\/\/www.ukkc.crolib.hr\/wp-content\/uploads\/2024\/07\/Procedura-zaprimanja-i-provjere-racuna-te-placanja-po-racunima-1.pdf\">Procedura zaprimanja i provjere ra\u010duna te pla\u0107anja po ra\u010dunima<\/a>&lt;a<\/li>\r\n<\/ul>\r\n\r\n\r\n\r\n<h2 class=\"wp-block-heading\">Odluke<\/h2>\r\n\r\n\r\n\r\n<ul class=\"wp-block-list\" style=\"font-size: 18px;\">\r\n<li><a href=\"http:\/\/www.ukkc.crolib.hr\/wp-content\/uploads\/2021\/03\/9-Odluka-o-osnivanju-Strucnog-vijeca.pdf\"> Odluka o osnivanju Stru\u010dnog vije\u0107a<\/a><\/li>\r\n<li><a href=\"http:\/\/www.ukkc.crolib.hr\/wp-content\/uploads\/2021\/03\/10-Odluka-o-osnivanju-Koordinacije-1.pdf\" target=\"_blank\" rel=\"noreferrer noopener\">Odlu<\/a><a href=\"http:\/\/www.ukkc.crolib.hr\/wp-content\/uploads\/2021\/03\/10-Odluka-o-osnivanju-Koordinacije-1.pdf\">ka o osnivanju Koordinacije za odr\u017eavanje i razvoj zajedni\u010dkog softvera<\/a><\/li>\r\n<\/ul>\r\n\r\n\r\n\r\n<h2 class=\"wp-block-heading\">Izvje\u0161\u0107a o radu<\/h2>\r\n\r\n\r\n\r\n<ul class=\"wp-block-list\" style=\"font-size: 18px;\">\r\n<li style=\"list-style-type: none;\">\r\n<ul style=\"font-size: 18px;\">\r\n<li><a href=\"http:\/\/www.ukkc.crolib.hr\/wp-content\/uploads\/2021\/03\/11-Izvjesce-o-radu-2015-6-2016-11.pdf\"> Izvje\u0161\u0107e o radu za razdoblje lipanj 2015. \u2013 studeni 2016. <\/a><\/li>\r\n<li><a href=\"http:\/\/www.ukkc.crolib.hr\/wp-content\/uploads\/2021\/03\/12-Izvjesce-o-radu-2017-1-3.pdf\">Izvje\u0161\u0107e o radu za razdoblje sije\u010danj \u2013 o\u017eujak 2017.<\/a><\/li>\r\n<li><a href=\"http:\/\/www.ukkc.crolib.hr\/wp-content\/uploads\/2021\/03\/13-Izvjesce-o-radu-2017-4-2018-9.pdf\"> Izvje\u0161\u0107e o radu za razdoblje travanj 2017. \u2013 rujan 2018. <\/a><\/li>\r\n<li><a href=\"http:\/\/www.ukkc.crolib.hr\/wp-content\/uploads\/2021\/03\/14-Izvjesce-o-radu-2018.pdf\">Izvje\u0161\u0107e o radu 2018. <\/a><\/li>\r\n<li><a href=\"http:\/\/www.ukkc.crolib.hr\/wp-content\/uploads\/2021\/03\/15-Izvjesce-o-radu-2019.pdf\" data-type=\"URL\" data-id=\"http:\/\/www.ukkc.crolib.hr\/wp-content\/uploads\/2021\/03\/15-Izvjesce-o-radu-2019.pdf\">Izvje\u0161\u0107e o radu 2019. <\/a><\/li>\r\n<li><a href=\"http:\/\/www.ukkc.crolib.hr\/wp-content\/uploads\/2021\/04\/Izvjesce-o-radu-2020-i-2021-1-3.pdf\">Izvje\u0161\u0107e o radu 2020. &#8211; 15.03.2021.<\/a><\/li>\r\n<li><a href=\"http:\/\/www.ukkc.crolib.hr\/wp-content\/uploads\/2023\/03\/Izvjesce-o-radu-15.03.2021.-01.05.2022..pdf\">Izvje\u0161\u0107e o radu 15.03.2021. &#8211; 01.05.2022.<\/a><\/li>\r\n<li><a href=\"http:\/\/www.ukkc.crolib.hr\/wp-content\/uploads\/2023\/05\/Izvjesce-o-radu-UKKC-15.03.2022.-27.03.2023.pdf\">Izvje\u0161\u0107e o radu 15.03.2022. &#8211; 27.03.2023.<\/a><\/li>\r\n<li><a href=\"http:\/\/www.ukkc.crolib.hr\/wp-content\/uploads\/2024\/07\/Izvjesce-o-radu-28.3.2023.-31.12.2023.pdf\">Izvjes\u030cc\u0301e o radu 28.3.2023.-31.12.2023.<\/a><\/li>\r\n<li><a href=\"http:\/\/www.ukkc.crolib.hr\/wp-content\/uploads\/2025\/04\/Izvjesce-o-radu-Strucnih-tijela-udruge-za-2024.-godinu.pdf\">Izvjes\u030cc\u0301e o radu 01.01.2024.-21.03.2025.<\/a><\/li>\r\n<\/ul>\r\n<\/li>\r\n<\/ul>\r\n\r\n\r\n\r\n<h2 class=\"wp-block-heading\">Zapisnici proteklih Skup\u0161tina<\/h2>\r\n<ul style=\"font-size: 18px;\">\r\n<li style=\"list-style-type: none;\">\r\n<ul style=\"font-size: 18px;\">\r\n<li>\r\n<p style=\"text-align: left;\"><a href=\"http:\/\/www.ukkc.crolib.hr\/wp-content\/uploads\/2021\/04\/Skupstina-161202-redovita-zapisnik.pdf\">Zapisnik s redovite godi\u0161nje sjednice Skup\u0161tine Udruge knji\u017enica \u201cKonzorcij CROLIST\u201d 02.12.2016. <\/a><\/p>\r\n<\/li>\r\n<li style=\"text-align: left;\">\r\n<p><a href=\"http:\/\/www.ukkc.crolib.hr\/wp-content\/uploads\/2021\/04\/Skupstina-170327-izborna-zapisnik.pdf\">Zapisnik s izborne sjednice Skup\u0161tine Udruge knji\u017enica \u201cKonzorcij CROLIST\u201d 27.02.2017.<\/a><\/p>\r\n<\/li>\r\n<li style=\"text-align: left;\">\r\n<p><a href=\"http:\/\/www.ukkc.crolib.hr\/wp-content\/uploads\/2021\/04\/Skupstina-171221-29-e-redovita-zapisnik.pdf\">Zapisnik s redovite elektronske sjednice Skup\u0161tine Udruge knji\u017enica \u201cKonzorcij CROLIST\u201d 21.-29.12.2017.<\/a><\/p>\r\n<\/li>\r\n<li style=\"text-align: left;\">\r\n<p><a href=\"http:\/\/www.ukkc.crolib.hr\/wp-content\/uploads\/2021\/04\/Skupstina-181010-redovita-zapisnik.pdf\">Zapisnik s redovite godi\u0161nje sjednice Skup\u0161tine Udruge knji\u017enica \u201cKonzorcij CROLIST\u201d 10.10.2018.<\/a><\/p>\r\n<\/li>\r\n<li style=\"text-align: left;\">\r\n<p><a href=\"http:\/\/www.ukkc.crolib.hr\/wp-content\/uploads\/2021\/04\/Skupstina-190326-izborna-zapisnik.pdf\">Zapisnik s izborne sjednice Skup\u0161tine Udruge knji\u017enica \u201cKonzorcij CROLIST\u201d 26.03.2019.<\/a><\/p>\r\n<\/li>\r\n<li style=\"text-align: left;\">\r\n<p><a href=\"http:\/\/www.ukkc.crolib.hr\/wp-content\/uploads\/2021\/04\/Skupstina-191217-23-e-redovita-zapisnik.pdf\">Zapisnik s redovite elektronske sjednice Skup\u0161tine Udruge knji\u017enica \u201cKonzorcij CROLIST\u201d 17.-23.12.2019.<\/a><\/p>\r\n<\/li>\r\n<li style=\"text-align: left;\">\r\n<p><a href=\"http:\/\/www.ukkc.crolib.hr\/wp-content\/uploads\/2021\/04\/Skupstina-200217-redovita-zapisnik.pdf\">Zapisnik s redovite\u00a0 sjednice Skup\u0161tine Udruge knji\u017enica \u201cKonzorcij CROLIST\u201d 17.-02.2020.<\/a><\/p>\r\n<\/li>\r\n<li><a href=\"http:\/\/www.ukkc.crolib.hr\/wp-content\/uploads\/2021\/04\/Skupstina-201217-22-e-redovita-zapisnik.pdf\">Zapisnik s redovite elektronske sjednice Skup\u0161tine Udruge knji\u017enica \u201cKonzorcij CROLIST\u201d 17.-22.12.2020.<\/a><\/li>\r\n<li>\r\n<p style=\"text-align: left;\"><a href=\"http:\/\/www.ukkc.crolib.hr\/wp-content\/uploads\/2021\/05\/Skupstina-2021-izborna-Zoom-zapisnik.pdf\">Zapisnik s izborne elektronske sjednice Skup\u0161tine Udruge knji\u017enica \u201cKonzorcij CROLIST\u201d 29.03.2021.<\/a><\/p>\r\n<\/li>\r\n<li><a href=\"http:\/\/www.ukkc.crolib.hr\/wp-content\/uploads\/2022\/02\/ZapisnikSkupstina2021.pdf\">Zapisnik s redovite elektronske sjednice Skup\u0161tine Udruge knji\u017enica &#8220;Konzorcij CROLIST&#8221; 13.12.2021.<\/a><\/li>\r\n<li>\r\n<p style=\"text-align: left;\"><a href=\"http:\/\/www.ukkc.crolib.hr\/wp-content\/uploads\/2022\/10\/Zapisnik-UKKC-Skupstina-12.5.22.pdf\">Zapisnik s redovite elektronske sjednice Skup\u0161tine Udruge knji\u017enica &#8220;Konzorcij CROLIST&#8221; 13.05.2022.<\/a><\/p>\r\n<\/li>\r\n<li>\r\n<p style=\"text-align: left;\"><a href=\"http:\/\/www.ukkc.crolib.hr\/wp-content\/uploads\/2022\/12\/Zapisnik-s-redovite-elektronske-sjednice-Skupstine-8.12.2022..pdf\">Zapisnik s redovite elektronske sjednice Skup\u0161tine Udruge knji\u017enica &#8220;Konzorcij CROLIST&#8221; 08.12.2022.<\/a><\/p>\r\n<\/li>\r\n<li>\r\n<p style=\"text-align: left;\"><a href=\"http:\/\/www.ukkc.crolib.hr\/wp-content\/uploads\/2023\/05\/Zapisnik-s-Izborne-Skupstine-Udruge-Crolist-2023.pdf\">Zapisnik s izborne sjednice Skup\u0161tine Udruge knji\u017enica \u201cKonzorcij CROLIST\u201d 27.03.2023.<\/a><\/p>\r\n<\/li>\r\n<li>\r\n<p style=\"text-align: left;\"><a href=\"http:\/\/www.ukkc.crolib.hr\/wp-content\/uploads\/2024\/07\/Zapisnik-s-redovite-elektronske-sjednice-Skupstine-Udruge-knjiznica-Konzorcij-CROLIST-21.12.2023.docx\">Zapisnik s redovite elektronske sjednice Skup\u0161tine Udruge knji\u017enica \u201cKonzorcij CROLIST\u201d 21.12.2023.<\/a><\/p>\r\n<\/li>\r\n<\/ul>\r\n<\/li>\r\n<\/ul>\r\n<ul style=\"font-size: 18px;\">\r\n<li style=\"list-style-type: none;\">\r\n<ul style=\"font-size: 18px;\">\r\n<li>\r\n<p style=\"text-align: left;\"><a href=\"http:\/\/www.ukkc.crolib.hr\/wp-content\/uploads\/2025\/04\/Zapisnik-Skupstine-UKKC-1.pdf\">Zapisnik s izborne sjednice Skup\u0161tine Udruge knji\u017enica \u201cKonzorcij CROLIST\u201d 21.03.2025.<\/a><\/p>\r\n<\/li>\r\n<li><a href=\"http:\/\/www.ukkc.crolib.hr\/wp-content\/uploads\/2026\/02\/Zapisnik-Skupstina-2025-12-19-redovita.pdf\">Zapisnik s redovite elektronske sjednice Skup\u0161tine Udruge knji\u017enica \u201cKonzorcij CROLIST\u201d 22.12.2025.<\/a><\/li>\r\n<\/ul>\r\n<\/li>\r\n<\/ul>\r\n<p style=\"text-align: left;\">\u00a0<\/p>\r\n<h2>Financijska izvje\u0161\u0107a<\/h2>\r\n<p>\r\n\r\n<\/p>\r\n<ul class=\"wp-block-list\" style=\"font-size: 18px;\">\r\n<li><a href=\"http:\/\/www.ukkc.crolib.hr\/wp-content\/uploads\/2021\/04\/Financijsko-izvjesce-za-2015-novo.pdf\">Financijsko izvje\u0161\u0107e 2015.<\/a><\/li>\r\n<li><a href=\"http:\/\/www.ukkc.crolib.hr\/wp-content\/uploads\/2021\/03\/17-Financijsko-izvjesce-2016.docx\">Financijsko izvje\u0161\u0107e 2016. <\/a><\/li>\r\n<li><a href=\"http:\/\/www.ukkc.crolib.hr\/wp-content\/uploads\/2021\/03\/18-Financijsko-izvjesce-2017.pdf\">Financijsko izvje\u0161\u0107e 2017.<\/a><\/li>\r\n<li><a href=\"http:\/\/www.ukkc.crolib.hr\/wp-content\/uploads\/2021\/03\/19-Financijsko-izvjesce-2018.pdf\">Financijsko izvje\u0161\u0107e 2018. <\/a><\/li>\r\n<li><a href=\"http:\/\/www.ukkc.crolib.hr\/wp-content\/uploads\/2021\/03\/20-Financijsko-izvjesce-2019.pdf\">Financijsko izvje\u0161\u0107e 2019.<\/a><\/li>\r\n<li><a href=\"http:\/\/www.ukkc.crolib.hr\/wp-content\/uploads\/2021\/07\/Financijsko-izvjesce-UKKC-2020.pdf\">Financijsko izvje\u0161\u0107e\u00a0 2020.<\/a><\/li>\r\n<li><a href=\"http:\/\/www.ukkc.crolib.hr\/wp-content\/uploads\/2024\/07\/Financijsko-izvjesce-2021.docx\">Financijsko-izvje\u0161\u0107e-2021<\/a><\/li>\r\n<li><a href=\"http:\/\/www.ukkc.crolib.hr\/wp-content\/uploads\/2023\/03\/Financijsko-izvjesce-2022.pdf\">Financijsko izvje\u0161\u0107e 2022.<\/a><\/li>\r\n<li><a href=\"http:\/\/www.ukkc.crolib.hr\/wp-content\/uploads\/2024\/07\/Financijsko-izvjesce-2023-2.pdf\">Financijsko izvjes\u030c\u0107e 2023.<\/a><\/li>\r\n<li><a href=\"http:\/\/www.ukkc.crolib.hr\/wp-content\/uploads\/2024\/07\/Biljeske-uz-Financijski-izvjestaj-2023-1.pdf\">Bilje\u0161ke uz Financijski izvje\u0161taj 2023.<\/a><\/li>\r\n<li><a href=\"http:\/\/www.ukkc.crolib.hr\/wp-content\/uploads\/2025\/03\/Financijsko-izvjesce-za-2024.-potpisano.pdf\">Financijsko izvjes\u030c\u0107e 2024.<\/a><\/li>\r\n<\/ul>\r\n","protected":false},"excerpt":{"rendered":"<p>Op\u0107i akti Statut Udruge knji\u017enica \u201eKonzorcij CROLIST\u201c 2015. Statut Udruge knji\u017enica \u201eKonzorcij CROLIST\u201c 2015. izmjene i dopune 2017. Poslovinik Skup\u0161tine, Vije\u0107a i Nadzornog odbora Pravilnik o radu Stru\u010dnog vije\u0107a Pravilnik &#8230;<\/p>\n","protected":false},"author":1,"featured_media":0,"parent":0,"menu_order":0,"comment_status":"closed","ping_status":"closed","template":"","meta":{"footnotes":""},"class_list":["post-22","page","type-page","status-publish","hentry"],"_links":{"self":[{"href":"https:\/\/www.ukkc.crolib.hr\/index.php?rest_route=\/wp\/v2\/pages\/22","targetHints":{"allow":["GET"]}}],"collection":[{"href":"https:\/\/www.ukkc.crolib.hr\/index.php?rest_route=\/wp\/v2\/pages"}],"about":[{"href":"https:\/\/www.ukkc.crolib.hr\/index.php?rest_route=\/wp\/v2\/types\/page"}],"author":[{"embeddable":true,"href":"https:\/\/www.ukkc.crolib.hr\/index.php?rest_route=\/wp\/v2\/users\/1"}],"replies":[{"embeddable":true,"href":"https:\/\/www.ukkc.crolib.hr\/index.php?rest_route=%2Fwp%2Fv2%2Fcomments&post=22"}],"version-history":[{"count":67,"href":"https:\/\/www.ukkc.crolib.hr\/index.php?rest_route=\/wp\/v2\/pages\/22\/revisions"}],"predecessor-version":[{"id":723,"href":"https:\/\/www.ukkc.crolib.hr\/index.php?rest_route=\/wp\/v2\/pages\/22\/revisions\/723"}],"wp:attachment":[{"href":"https:\/\/www.ukkc.crolib.hr\/index.php?rest_route=%2Fwp%2Fv2%2Fmedia&parent=22"}],"curies":[{"name":"wp","href":"https:\/\/api.w.org\/{rel}","templated":true}]}}