{"id":19,"date":"2021-03-22T13:30:30","date_gmt":"2021-03-22T13:30:30","guid":{"rendered":"http:\/\/www.ukkc.crolib.hr\/?page_id=19"},"modified":"2021-04-26T16:15:28","modified_gmt":"2021-04-26T16:15:28","slug":"programi","status":"publish","type":"page","link":"https:\/\/www.ukkc.crolib.hr\/?page_id=19","title":{"rendered":"PROGRAMI"},"content":{"rendered":"\r\n<p style=\"font-size: 18px;\">Stalni programi Udruge su:<\/p>\r\n\r\n\r\n\r\n<ul class=\"wp-block-list\" style=\"font-size: 18px;\">\r\n<li><a href=\"http:\/\/www.ukkc.crolib.hr\/?page_id=24\">izgradnja skupnog kataloga Udruge<\/a><\/li>\r\n<li><a href=\"http:\/\/www.ukkc.crolib.hr\/?page_id=25\">smje\u0161taj baza \u010dlanica na poslu\u017eiteljima Udruge<\/a><\/li>\r\n<li><a href=\"http:\/\/www.ukkc.crolib.hr\/?page_id=26\">suradnja na razvoju zajedni\u010dkog knji\u017eni\u010dnog programa<\/a><\/li>\r\n<\/ul>\r\n\r\n\r\n\r\n<p>&nbsp;<\/p>\r\n","protected":false},"excerpt":{"rendered":"<p>Stalni programi Udruge su: izgradnja skupnog kataloga Udruge smje\u0161taj baza \u010dlanica na poslu\u017eiteljima Udruge suradnja na razvoju zajedni\u010dkog knji\u017eni\u010dnog programa &nbsp;<\/p>\n","protected":false},"author":1,"featured_media":0,"parent":0,"menu_order":0,"comment_status":"closed","ping_status":"closed","template":"","meta":{"footnotes":""},"class_list":["post-19","page","type-page","status-publish","hentry"],"_links":{"self":[{"href":"https:\/\/www.ukkc.crolib.hr\/index.php?rest_route=\/wp\/v2\/pages\/19","targetHints":{"allow":["GET"]}}],"collection":[{"href":"https:\/\/www.ukkc.crolib.hr\/index.php?rest_route=\/wp\/v2\/pages"}],"about":[{"href":"https:\/\/www.ukkc.crolib.hr\/index.php?rest_route=\/wp\/v2\/types\/page"}],"author":[{"embeddable":true,"href":"https:\/\/www.ukkc.crolib.hr\/index.php?rest_route=\/wp\/v2\/users\/1"}],"replies":[{"embeddable":true,"href":"https:\/\/www.ukkc.crolib.hr\/index.php?rest_route=%2Fwp%2Fv2%2Fcomments&post=19"}],"version-history":[{"count":5,"href":"https:\/\/www.ukkc.crolib.hr\/index.php?rest_route=\/wp\/v2\/pages\/19\/revisions"}],"predecessor-version":[{"id":414,"href":"https:\/\/www.ukkc.crolib.hr\/index.php?rest_route=\/wp\/v2\/pages\/19\/revisions\/414"}],"wp:attachment":[{"href":"https:\/\/www.ukkc.crolib.hr\/index.php?rest_route=%2Fwp%2Fv2%2Fmedia&parent=19"}],"curies":[{"name":"wp","href":"https:\/\/api.w.org\/{rel}","templated":true}]}}