{"id":18,"date":"2021-03-22T13:30:30","date_gmt":"2021-03-22T13:30:30","guid":{"rendered":"http:\/\/www.ukkc.crolib.hr\/?page_id=18"},"modified":"2021-04-26T16:12:59","modified_gmt":"2021-04-26T16:12:59","slug":"o-nama","status":"publish","type":"page","link":"https:\/\/www.ukkc.crolib.hr\/?page_id=18","title":{"rendered":"O NAMA"},"content":{"rendered":"\r\n<p style=\"font-size: 18px; text-align: justify;\"><em><strong>Udruga knji\u017enica \u201eKonzorcij CROLIST\u201c<\/strong> <\/em>je udruga samostalnih knji\u017enica i knji\u017enica u sastavu koje koriste zajedni\u010dki knji\u017eni\u010dni program, osnovana 2006. godine radi kooperativne izgradnje kataloga Udruge u tom programu i sudjelovanja u odr\u017eavanju i razvoju zajedni\u010dkog knji\u017eni\u010dnog programa.<\/p>\r\n\r\n\r\n\r\n<p style=\"text-align: justify;\">\u00a0<\/p>\r\n\r\n\r\n\r\n<h2 class=\"wp-block-heading\" style=\"text-align: justify;\"><strong>OSNOVNI CILJ UDRUGE<\/strong><\/h2>\r\n\r\n\r\n\r\n<p>&nbsp;<\/p>\r\n\r\n\r\n\r\n<p style=\"font-size: 18px; text-align: justify;\">Osnovni cilj udruge je da kori\u0161tenjem zajedni\u010dkog knji\u017eni\u010dnog programa, odnosno provo\u0111enjem projekata i programa zasnovanih na zajedni\u010dkom knji\u017eni\u010dnom programu, omogu\u0107i kooperativnu izgradnju kataloga Udruge i stvori uvjete za optimalno kori\u0161tenje i pristup raznolikim informacijskim resursima knji\u017enica \u010dlanova, te na naju\u010dinkovitiji na\u010din osigura i pove\u0107a korisnicima knji\u017enica i svim gra\u0111anima Republike Hrvatske mogu\u0107nosti obrazovnog, gospodarskog i op\u0107ekulturnog razvitka.<\/p>\r\n\r\n\r\n\r\n<p style=\"font-size: 18px; text-align: justify;\"><a href=\"http:\/\/www.ukkc.crolib.hr\/?page_id=20\">\u010clanstvo<\/a><br \/><a href=\"http:\/\/www.ukkc.crolib.hr\/?page_id=23\">\u010clanovi \u2013 web stranice i katalozi<\/a><br \/><a href=\"http:\/\/www.ukkc.crolib.hr\/?page_id=21\">Tijela<\/a><br \/><a href=\"http:\/\/www.ukkc.crolib.hr\/?page_id=22\">Dokumenti<\/a><\/p>\r\n","protected":false},"excerpt":{"rendered":"<p>Udruga knji\u017enica \u201eKonzorcij CROLIST\u201c je udruga samostalnih knji\u017enica i knji\u017enica u sastavu koje koriste zajedni\u010dki knji\u017eni\u010dni program, osnovana 2006. godine radi kooperativne izgradnje kataloga Udruge u tom programu i sudjelovanja &#8230;<\/p>\n","protected":false},"author":1,"featured_media":0,"parent":0,"menu_order":0,"comment_status":"closed","ping_status":"closed","template":"","meta":{"footnotes":""},"class_list":["post-18","page","type-page","status-publish","hentry"],"_links":{"self":[{"href":"https:\/\/www.ukkc.crolib.hr\/index.php?rest_route=\/wp\/v2\/pages\/18","targetHints":{"allow":["GET"]}}],"collection":[{"href":"https:\/\/www.ukkc.crolib.hr\/index.php?rest_route=\/wp\/v2\/pages"}],"about":[{"href":"https:\/\/www.ukkc.crolib.hr\/index.php?rest_route=\/wp\/v2\/types\/page"}],"author":[{"embeddable":true,"href":"https:\/\/www.ukkc.crolib.hr\/index.php?rest_route=\/wp\/v2\/users\/1"}],"replies":[{"embeddable":true,"href":"https:\/\/www.ukkc.crolib.hr\/index.php?rest_route=%2Fwp%2Fv2%2Fcomments&post=18"}],"version-history":[{"count":5,"href":"https:\/\/www.ukkc.crolib.hr\/index.php?rest_route=\/wp\/v2\/pages\/18\/revisions"}],"predecessor-version":[{"id":412,"href":"https:\/\/www.ukkc.crolib.hr\/index.php?rest_route=\/wp\/v2\/pages\/18\/revisions\/412"}],"wp:attachment":[{"href":"https:\/\/www.ukkc.crolib.hr\/index.php?rest_route=%2Fwp%2Fv2%2Fmedia&parent=18"}],"curies":[{"name":"wp","href":"https:\/\/api.w.org\/{rel}","templated":true}]}}